{"id":32,"date":"2023-04-14T22:45:48","date_gmt":"2023-04-14T20:45:48","guid":{"rendered":"https:\/\/www.kevin-henderson.de\/?page_id=32"},"modified":"2024-07-26T13:34:02","modified_gmt":"2024-07-26T11:34:02","slug":"impressum","status":"publish","type":"page","link":"https:\/\/www.kevin-henderson.de\/?page_id=32","title":{"rendered":"Impressum"},"content":{"rendered":"\n<h2 class=\"wp-block-heading\">Herausgeber | Haftungshinweis<\/h2>\n\n\n\n<p>Inhaltlich Verantwortlicher gem\u00e4\u00df \u00a7 10 Absatz 3 MDStV:<br>Kevin Henderson<\/p>\n\n\n\n<p>e-mail: kevinhenderson@t-online.de<br>www.kevin-henderson.de<br>Telefon: 06423 5433571<\/p>\n\n\n\n<p>einige Fotos ElkeHufnagl<\/p>\n\n\n\n<p><\/p>\n\n\n\n<p><\/p>\n\n\n\n<h2 class=\"wp-block-heading\">Hinweis<\/h2>\n\n\n\n<p>Trotz sorgf\u00e4ltiger inhaltlicher Kontrolle \u00fcbernehmen wir keine Haftung f\u00fcr die Inhalte externer Links.<br>F\u00fcr den Inhalt der verlinkten Seiten sind ausschlie\u00dflich deren Betreiber verantwortlich.<br>Ihre personenbezogenen Daten werden wir entsprechend den jeweils geltenden Bestimmungen zum Schutz personenbezogener Daten nur zum Zweck der Bearbeitung Ihrer Anfrage nutzen. Unsere Internetseiten sind urheberrechtlich gesch\u00fctzt.<\/p>\n\n\n\n<p>Disclaimer\/Distanzierung:<br>Mit Urteil vom 12. Mai 1998 hat das Landgericht Hamburg entschieden, dass man durch die Ausbringung eines Links die Inhalte der gelinkten Seite ggf. mit zu verantworten hat. Dies kann &#8211; so das Landgericht &#8211; nur dadurch verhindert werden, dass man sich ausdr\u00fccklich von diesen Inhalten distanziert. Wir haben auf Seiten Links zu anderen Seiten im Internet gelegt. F\u00fcr alle diese Links gilt: Wir m\u00f6chten ausdr\u00fccklich betonen, dass wir keinerlei Einfluss auf die Gestaltung und die Inhalte der gelinkten Seiten haben. Deshalb distanzieren wir uns hiermit ausdr\u00fccklich von allen Inhalten aller gelinkten Seiten auf unserer Page. Diese Erkl\u00e4rung gilt f\u00fcr alle auf unserer Page ausgebrachten Links und f\u00fcr alle Inhalte der Seiten, zu denen die Banner f\u00fchren. Alle Eintr\u00e4ge erfolgten durch den Webmaster der jeweiligen Seiten, wir distanzieren uns zum angezeigten Inhalt ausdr\u00fccklich.<\/p>\n\n\n\n<p>Haftungsausschluss<\/p>\n\n\n\n<p>Die auf unseren Internetseiten abrufbaren Inhalte erheben keinen Anspruch auf Vollst\u00e4ndigkeit. F\u00fcr ihre Richtigkeit wird keine Gewahr \u00fcbernommen. F\u00fcr Schaden, die direkt oder indirekt durch die Benutzung unserer Internetseiten entstehen, haften wir nur bei Vorsatz oder grober Fahrl\u00e4ssigkeit.<\/p>\n\n\n\n<p>Sofern unsere Internetseiten Links zu Internetseiten Dritter enthalten, Datenschutzerkl\u00e4rung \u00fcbernehmen wir f\u00fcr deren Inhalt, insbesondere hinsichtlich der Einhaltung von Datenschutzbestimmungen, keine Verantwortung.<\/p>\n","protected":false},"excerpt":{"rendered":"<p>Herausgeber | Haftungshinweis Inhaltlich Verantwortlicher gem\u00e4\u00df \u00a7 10 Absatz 3 MDStV:Kevin Henderson e-mail: kevinhenderson@t-online.dewww.kevin-henderson.deTelefon: 06423 5433571 einige Fotos ElkeHufnagl Hinweis [&hellip;]<\/p>\n","protected":false},"author":1,"featured_media":0,"parent":0,"menu_order":0,"comment_status":"closed","ping_status":"closed","template":"","meta":{"footnotes":""},"class_list":["post-32","page","type-page","status-publish","hentry"],"_links":{"self":[{"href":"https:\/\/www.kevin-henderson.de\/index.php?rest_route=\/wp\/v2\/pages\/32","targetHints":{"allow":["GET"]}}],"collection":[{"href":"https:\/\/www.kevin-henderson.de\/index.php?rest_route=\/wp\/v2\/pages"}],"about":[{"href":"https:\/\/www.kevin-henderson.de\/index.php?rest_route=\/wp\/v2\/types\/page"}],"author":[{"embeddable":true,"href":"https:\/\/www.kevin-henderson.de\/index.php?rest_route=\/wp\/v2\/users\/1"}],"replies":[{"embeddable":true,"href":"https:\/\/www.kevin-henderson.de\/index.php?rest_route=%2Fwp%2Fv2%2Fcomments&post=32"}],"version-history":[{"count":2,"href":"https:\/\/www.kevin-henderson.de\/index.php?rest_route=\/wp\/v2\/pages\/32\/revisions"}],"predecessor-version":[{"id":125,"href":"https:\/\/www.kevin-henderson.de\/index.php?rest_route=\/wp\/v2\/pages\/32\/revisions\/125"}],"wp:attachment":[{"href":"https:\/\/www.kevin-henderson.de\/index.php?rest_route=%2Fwp%2Fv2%2Fmedia&parent=32"}],"curies":[{"name":"wp","href":"https:\/\/api.w.org\/{rel}","templated":true}]}}