{"id":43,"date":"2023-04-15T15:16:51","date_gmt":"2023-04-15T13:16:51","guid":{"rendered":"https:\/\/www.kevin-henderson.de\/?page_id=43"},"modified":"2023-06-26T20:47:07","modified_gmt":"2023-06-26T18:47:07","slug":"biografie","status":"publish","type":"page","link":"https:\/\/www.kevin-henderson.de\/?page_id=43","title":{"rendered":"Biografie"},"content":{"rendered":"\n<p><strong>Kevin Henderson ist S\u00e4nger, Entertainer, Moderator,Texter und Komponist. Obwohl er einer der bekanntesten S\u00e4nger&nbsp;und Gitarristen in der deutschen Country-Szene ist, legt er sich musikalisch nicht auf diese Musikrichtung fest.<\/strong><\/p>\n\n\n\n<p>Der sympathische Schotte aus Aberdeen ist ein Musikentertainer der Superlative. Er wurde mit zahlreichen deutschen Country Awards ausgezeichnet und steht seit mehr als 30 Jahren auf den B\u00fchnen Europas. Das Repertoire des Vollblutmusikers umfasst \u00fcber 500 Titel. Wen wundert\u00b4s, dass Henderson nahezu unerm\u00fcdlich die Musikw\u00fcnsche seiner Fans erf\u00fcllen kann. Seine Auftritte sind mit Show-Einlagen von Stars aus fr\u00fcheren Zeiten, sowie witzigen &#8222;Zwischendurchgeschichten&#8220; und origineller Moderation gespickt. Es ist v\u00f6llig egal, ob sein Publikum aus 2000 Menschen besteht, oder ein kleiner Trupp in der gem\u00fctlichen Eckkneipe nebenan seiner Live-Musik lauscht &#8211; Henderson zieht Musikbegeisterte aller Altersklassen in seinen Bann und verbreitet eine super Stimmung. Gerade das ist in der heutigen Zeit wichtig und kommt gut an. Allerdings macht er keine &#8222;Ballermann-Musik&#8220;. Der studierte Chemiker hegte von Kindheit an den Wunsch S\u00e4nger zu werden. Schon mit 4 Jahren sah er sich als S\u00e4nger auf den Brettern die die Welt bedeuten. Seine Eltern allerdings wollten, dass er etwas Anst\u00e4ndiges wird. Also waren Schule und Ausbildung erst einmal vorrangig. Ohne Musik ging es aber nicht, die liegt einfach im Blut. Neben der &#8222;normalen&#8220; Ausbildung stand er immer wieder auf der B\u00fchne.<\/p>\n\n\n\n<div class=\"wp-block-columns is-layout-flex wp-container-core-columns-is-layout-9d6595d7 wp-block-columns-is-layout-flex\">\n<div class=\"wp-block-column is-vertically-aligned-center is-layout-flow wp-block-column-is-layout-flow\">\n<figure class=\"wp-block-image alignwide size-full is-style-default\"><img loading=\"lazy\" decoding=\"async\" width=\"824\" height=\"525\" src=\"https:\/\/www.kevin-henderson.de\/wp-content\/uploads\/2023\/04\/Delinquents2ABC.jpg\" alt=\"\" class=\"wp-image-48\" srcset=\"https:\/\/www.kevin-henderson.de\/wp-content\/uploads\/2023\/04\/Delinquents2ABC.jpg 824w, https:\/\/www.kevin-henderson.de\/wp-content\/uploads\/2023\/04\/Delinquents2ABC-300x191.jpg 300w, https:\/\/www.kevin-henderson.de\/wp-content\/uploads\/2023\/04\/Delinquents2ABC-768x489.jpg 768w\" sizes=\"auto, (max-width: 824px) 100vw, 824px\" \/><\/figure>\n<\/div>\n\n\n\n<div class=\"wp-block-column is-vertically-aligned-center is-layout-flow wp-block-column-is-layout-flow\">\n<figure class=\"wp-block-image alignwide size-full is-style-default\"><img loading=\"lazy\" decoding=\"async\" width=\"633\" height=\"354\" src=\"https:\/\/www.kevin-henderson.de\/wp-content\/uploads\/2023\/04\/Lemon-Soul-2ABC.jpg\" alt=\"\" class=\"wp-image-49\" srcset=\"https:\/\/www.kevin-henderson.de\/wp-content\/uploads\/2023\/04\/Lemon-Soul-2ABC.jpg 633w, https:\/\/www.kevin-henderson.de\/wp-content\/uploads\/2023\/04\/Lemon-Soul-2ABC-300x168.jpg 300w\" sizes=\"auto, (max-width: 633px) 100vw, 633px\" \/><\/figure>\n<\/div>\n<\/div>\n\n\n\n<p>Sein Studium zum Diplom-Chemiker schloss Henderson erfolgreich ab. Doch dann gab es keine freie Laborstelle und er verdiente sein Geld als Musiker in Bars. Seit 1970 ist Kevin Henderson Profi-Musiker. Er spielte mit einigen Bands Rock\u00b4n Roll, sp\u00e4ter Soul &#8211; und landete schlie\u00dflich irgendwann auf der Country-Schiene. 1974 packte Kevin sein B\u00fcndel und seine Gitarre und zog aus um in Spanien die B\u00fchnen zu erobern. \u00dcber diesen Umweg kam er durch amerikanische Musikkollegen nach Deutschland (Stuttgart), bekam ein paar Engagements und blieb 1975 in \u201egood old Germany\u201c. Er tingelte durch US-Clubs, spielte gelegentlich auch in Diskotheken und vielen Rahmenprogrammen. Henderson war zu Gast in Fernsehsendungen und fuhr mit dem \u201eTraumschiff\u201c rund um die Welt. Bei Gala-B\u00e4llen zog er alle Register seines K\u00f6nnens und begeisterte, als Solist nur mit Gitarre, das Publikum. Auch in Schweden, Norwegen, \u00d6sterreich und den USA gewann er eine Fangemeinde. Henderson brillierte 1982\/83 bei AKK Ludwigshafen in eigenen Fernsehshows und zieht noch heute sein Publikum magisch an. Kevin Henderson hat Fans in der ganzen Welt. &#8222;Es ist schon bewegend wenn die Leute meine eigenen Songs kennen und mitsingen&#8220; meint Henderson l\u00e4chelnd. Er begeisterte unter anderem Menschen in Shanghai mit seiner Musik und auch in Peking (Beijing) kennen nun etliche Musikbegeisterte seine Hits. Dort trat er seit 2002 regelm\u00e4\u00dfig jedes Jahr an Silvester auf.<\/p>\n\n\n\n<div class=\"wp-block-columns is-layout-flex wp-container-core-columns-is-layout-9d6595d7 wp-block-columns-is-layout-flex\">\n<div class=\"wp-block-column is-layout-flow wp-block-column-is-layout-flow\" style=\"flex-basis:66.66%\">\n<p>Henderson wohnt seit \u00fcber 20 Jahren in einem kleinen Ort zwischen Limburg und Rennerod im Hessischen und f\u00fchlt sich dort wohl. Inmitten einer sch\u00f6nen Landschaft, guter Luft und vor allen Dingen netten Nachbarn kann er sich von seinen energiegeladenen Auftritten erholen. Er reist aber noch gerne zu Auftritten um die Welt. Ein erf\u00fcllter Traum war die Produktion eines seiner Alben in Nashville (USA). &#8222;Es hat Spass gemacht, mit den Musikern dort zu arbeiten&#8220;, meint Henderson. Selbst bezeichnet er sich aber nicht unbedingt als &#8222;Country-S\u00e4nger. Er hat acht eigene Alben mit Oldie- und Countrymusik auf den Markt gebracht.<\/p>\n<\/div>\n\n\n\n<div class=\"wp-block-column is-layout-flow wp-block-column-is-layout-flow\" style=\"flex-basis:33.33%\">\n<figure class=\"wp-block-image alignwide size-full\"><img loading=\"lazy\" decoding=\"async\" width=\"900\" height=\"603\" src=\"https:\/\/www.kevin-henderson.de\/wp-content\/uploads\/2023\/04\/PIPERSundKEVIN1.jpg\" alt=\"\" class=\"wp-image-50\" srcset=\"https:\/\/www.kevin-henderson.de\/wp-content\/uploads\/2023\/04\/PIPERSundKEVIN1.jpg 900w, https:\/\/www.kevin-henderson.de\/wp-content\/uploads\/2023\/04\/PIPERSundKEVIN1-300x201.jpg 300w, https:\/\/www.kevin-henderson.de\/wp-content\/uploads\/2023\/04\/PIPERSundKEVIN1-768x515.jpg 768w\" sizes=\"auto, (max-width: 900px) 100vw, 900px\" \/><\/figure>\n<\/div>\n<\/div>\n\n\n\n<p>Kevin Henderson ist S\u00e4nger &#8211; egal ob Oldies, Rock\u00b4n Roll, Soul oder eben Country &#8211; und singt Lieder die ihm gefallen. Damit trifft er den Geschmack eines breiten Publikums. Seine Fans danken immer mit einem Riesenapplaus. Am liebsten singt er dort, &#8222;wo die Leute noch zuh\u00f6ren und spontan mitmachen&#8220;.&nbsp;<\/p>\n","protected":false},"excerpt":{"rendered":"<p>Kevin Henderson ist S\u00e4nger, Entertainer, Moderator,Texter und Komponist. Obwohl er einer der bekanntesten S\u00e4nger&nbsp;und Gitarristen in der deutschen Country-Szene ist, [&hellip;]<\/p>\n","protected":false},"author":1,"featured_media":0,"parent":41,"menu_order":0,"comment_status":"closed","ping_status":"closed","template":"","meta":{"footnotes":""},"class_list":["post-43","page","type-page","status-publish","hentry"],"_links":{"self":[{"href":"https:\/\/www.kevin-henderson.de\/index.php?rest_route=\/wp\/v2\/pages\/43","targetHints":{"allow":["GET"]}}],"collection":[{"href":"https:\/\/www.kevin-henderson.de\/index.php?rest_route=\/wp\/v2\/pages"}],"about":[{"href":"https:\/\/www.kevin-henderson.de\/index.php?rest_route=\/wp\/v2\/types\/page"}],"author":[{"embeddable":true,"href":"https:\/\/www.kevin-henderson.de\/index.php?rest_route=\/wp\/v2\/users\/1"}],"replies":[{"embeddable":true,"href":"https:\/\/www.kevin-henderson.de\/index.php?rest_route=%2Fwp%2Fv2%2Fcomments&post=43"}],"version-history":[{"count":6,"href":"https:\/\/www.kevin-henderson.de\/index.php?rest_route=\/wp\/v2\/pages\/43\/revisions"}],"predecessor-version":[{"id":58,"href":"https:\/\/www.kevin-henderson.de\/index.php?rest_route=\/wp\/v2\/pages\/43\/revisions\/58"}],"up":[{"embeddable":true,"href":"https:\/\/www.kevin-henderson.de\/index.php?rest_route=\/wp\/v2\/pages\/41"}],"wp:attachment":[{"href":"https:\/\/www.kevin-henderson.de\/index.php?rest_route=%2Fwp%2Fv2%2Fmedia&parent=43"}],"curies":[{"name":"wp","href":"https:\/\/api.w.org\/{rel}","templated":true}]}}